{"id":8,"date":"2014-09-18T20:31:25","date_gmt":"2014-09-18T19:31:25","guid":{"rendered":"http:\/\/stinysera.dark-net.cz\/?page_id=8"},"modified":"2019-11-16T18:59:44","modified_gmt":"2019-11-16T17:59:44","slug":"obecna-pravidla","status":"publish","type":"page","link":"https:\/\/stinysera.dark-net.cz\/?page_id=8","title":{"rendered":"Pravidla"},"content":{"rendered":"\n<p><span style=\"text-decoration: underline;\"><strong>Hern\u00ed pravidla<\/strong><\/span><\/p>\n<p>Je t\u0159eba zn\u00e1t a dodr\u017eovat. Omylu se m\u016f\u017ee dopustit ka\u017ed\u00fd, ale jejich opakovan\u00e9 poru\u0161ov\u00e1n\u00ed \u010di zneu\u017e\u00edv\u00e1n\u00ed bude po z\u00e1sluze trest\u00e1no dle rozhodnut\u00ed organiz\u00e1tor\u016f.\n<br><\/br>\n<center><a href=\"https:\/\/stinysera.dark-net.cz\/wp-content\/uploads\/2019\/11\/Pravidla-1.0.pdf\" target=\"_blank\" rel=\"noopener noreferrer\"><span style=\"color: #8b0000;\"><b>&gt;&gt;&gt; OBECN\u00c1 PRAVIDLA (1.0) &lt;&lt;&lt;<\/b><\/span><\/a>\n<br><\/br>\n<p><\/p><center><span style=\"color: #8b0000;\">Talenty<\/span>\n<br><\/br>\n<center><span style=\"color: #8b0000;\">Dovednosti &#8211; up\u00ed\u0159i (1.1)<\/span><br>\n<center><span style=\"color: #8b0000;\">Dovednosti &#8211; vlkodlaci (1.1)<\/span><br>\n<center><span style=\"color: #8b0000;\">Dovednosti &#8211; lovci (1.1)<\/span>\n<br><\/br>\n<center><span style=\"color: #8b0000;\">Magie &#8211; Tenebris (1.0)<\/span><br>\n<center><span style=\"color: #8b0000;\">Magie &#8211; Gaia (1.0)<\/span><br>\n<center><span style=\"color: #8b0000;\">Magie &#8211; Signum (1.0)<\/span>\n<br><\/br>\n<center><span style=\"color: #8b0000;\">Alchymie (1.0)<\/span><p><\/p>\n<p><img loading=\"lazy\" decoding=\"async\" class=\"aligncenter size-full wp-image-954\" src=\"https:\/\/stinysera.dark-net.cz\/wp-content\/uploads\/2014\/09\/unseen.png\" alt=\"unseen\" width=\"411\" height=\"576\" srcset=\"https:\/\/stinysera.dark-net.cz\/wp-content\/uploads\/2014\/09\/unseen.png 411w, https:\/\/stinysera.dark-net.cz\/wp-content\/uploads\/2014\/09\/unseen-214x300.png 214w\" sizes=\"auto, (max-width: 411px) 100vw, 411px\" \/><\/p>\n<p><\/p><\/center><\/center><\/center><\/center><\/center><\/center><\/center><\/center><\/center><p><\/p>\n","protected":false},"excerpt":{"rendered":"<p>Hern\u00ed pravidla Je t\u0159eba zn\u00e1t a dodr\u017eovat. Omylu se m\u016f\u017ee dopustit ka\u017ed\u00fd, ale jejich opakovan\u00e9 poru\u0161ov\u00e1n\u00ed \u010di zneu\u017e\u00edv\u00e1n\u00ed bude po z\u00e1sluze trest\u00e1no dle rozhodnut\u00ed organiz\u00e1tor\u016f. &gt;&gt;&gt; OBECN\u00c1 PRAVIDLA (1.0) &lt;&lt;&lt; Talenty Dovednosti &#8211; up\u00ed\u0159i (1.1) Dovednosti &#8211; vlkodlaci (1.1) Dovednosti &#8211; lovci (1.1) Magie &#8211; Tenebris (1.0) Magie &#8211; Gaia (1.0) Magie &#8211; Signum (1.0) [&hellip;]<\/p>\n","protected":false},"author":1,"featured_media":0,"parent":0,"menu_order":0,"comment_status":"closed","ping_status":"closed","template":"","meta":{"footnotes":""},"class_list":["post-8","page","type-page","status-publish","hentry"],"_links":{"self":[{"href":"https:\/\/stinysera.dark-net.cz\/index.php?rest_route=\/wp\/v2\/pages\/8","targetHints":{"allow":["GET"]}}],"collection":[{"href":"https:\/\/stinysera.dark-net.cz\/index.php?rest_route=\/wp\/v2\/pages"}],"about":[{"href":"https:\/\/stinysera.dark-net.cz\/index.php?rest_route=\/wp\/v2\/types\/page"}],"author":[{"embeddable":true,"href":"https:\/\/stinysera.dark-net.cz\/index.php?rest_route=\/wp\/v2\/users\/1"}],"replies":[{"embeddable":true,"href":"https:\/\/stinysera.dark-net.cz\/index.php?rest_route=%2Fwp%2Fv2%2Fcomments&post=8"}],"version-history":[{"count":79,"href":"https:\/\/stinysera.dark-net.cz\/index.php?rest_route=\/wp\/v2\/pages\/8\/revisions"}],"predecessor-version":[{"id":1601,"href":"https:\/\/stinysera.dark-net.cz\/index.php?rest_route=\/wp\/v2\/pages\/8\/revisions\/1601"}],"wp:attachment":[{"href":"https:\/\/stinysera.dark-net.cz\/index.php?rest_route=%2Fwp%2Fv2%2Fmedia&parent=8"}],"curies":[{"name":"wp","href":"https:\/\/api.w.org\/{rel}","templated":true}]}}