{"id":370,"date":"2014-09-23T12:29:25","date_gmt":"2014-09-23T11:29:25","guid":{"rendered":"http:\/\/stinysera.dark-net.cz\/?page_id=370"},"modified":"2020-03-26T13:41:17","modified_gmt":"2020-03-26T12:41:17","slug":"titulni","status":"publish","type":"page","link":"https:\/\/stinysera.dark-net.cz\/","title":{"rendered":"Tituln\u00ed"},"content":{"rendered":"\n<p><img loading=\"lazy\" decoding=\"async\" class=\"aligncenter size-large wp-image-184\" src=\"https:\/\/stinysera.dark-net.cz\/wp-content\/uploads\/2014\/09\/style-dark_eye_1440x900-1q75hbw.png\" alt=\"style-dark_eye_1440x900-1q75hbw\" width=\"800\" height=\"570\"><\/p>\n<hr>\n<center><span style=\"font-size: large;\"><b>NOVINKY<\/b><\/span>\n<hr>\n<br>\nZ d\u016fvodu epidemie koronaviru je akce p\u0159elo\u017eena na podzim 2020.\n<\/center>\n<p>&nbsp;<\/p>\n","protected":false},"excerpt":{"rendered":"<p>NOVINKY Z d\u016fvodu epidemie koronaviru je akce p\u0159elo\u017eena na podzim 2020. &nbsp;<\/p>\n","protected":false},"author":3,"featured_media":0,"parent":0,"menu_order":0,"comment_status":"closed","ping_status":"closed","template":"","meta":{"footnotes":""},"class_list":["post-370","page","type-page","status-publish","hentry"],"_links":{"self":[{"href":"https:\/\/stinysera.dark-net.cz\/index.php?rest_route=\/wp\/v2\/pages\/370","targetHints":{"allow":["GET"]}}],"collection":[{"href":"https:\/\/stinysera.dark-net.cz\/index.php?rest_route=\/wp\/v2\/pages"}],"about":[{"href":"https:\/\/stinysera.dark-net.cz\/index.php?rest_route=\/wp\/v2\/types\/page"}],"author":[{"embeddable":true,"href":"https:\/\/stinysera.dark-net.cz\/index.php?rest_route=\/wp\/v2\/users\/3"}],"replies":[{"embeddable":true,"href":"https:\/\/stinysera.dark-net.cz\/index.php?rest_route=%2Fwp%2Fv2%2Fcomments&post=370"}],"version-history":[{"count":57,"href":"https:\/\/stinysera.dark-net.cz\/index.php?rest_route=\/wp\/v2\/pages\/370\/revisions"}],"predecessor-version":[{"id":1665,"href":"https:\/\/stinysera.dark-net.cz\/index.php?rest_route=\/wp\/v2\/pages\/370\/revisions\/1665"}],"wp:attachment":[{"href":"https:\/\/stinysera.dark-net.cz\/index.php?rest_route=%2Fwp%2Fv2%2Fmedia&parent=370"}],"curies":[{"name":"wp","href":"https:\/\/api.w.org\/{rel}","templated":true}]}}